{"id":17617,"date":"2023-09-30T18:49:56","date_gmt":"2023-09-30T16:49:56","guid":{"rendered":"https:\/\/www.matbah.se\/?post_type=product&#038;p=17617"},"modified":"2023-12-19T12:26:17","modified_gmt":"2023-12-19T11:26:17","slug":"fistikli-narli-pilav-parmak-lokumu","status":"publish","type":"product","link":"https:\/\/www.matbah.se\/tr\/fistikli-narli-pilav-parmak-lokumu\/","title":{"rendered":"F\u0131st\u0131kl\u0131 Narl\u0131 Pilav &#8211; Parmak Lokumu"},"content":{"rendered":"<div class=\"wpb-content-wrapper\"><p>[vc_row][vc_column width=&#8221;1\/2&#8243;][vc_column_text woodmart_inline=&#8221;no&#8221; text_larger=&#8221;no&#8221;]Taze ve kaliteli malzemelerle geleneksel y\u00f6ntemlerle haz\u0131rlanmaktad\u0131r.<\/p>\n<h5>\u0130\u00e7indekiler: <\/h5>\n<ul>\n<li>\u015feker<\/li>\n<li>m\u0131s\u0131r ni\u015fastas\u0131<\/li>\n<li>su<\/li>\n<li>izleme (%14)<\/li>\n<li>tatland\u0131r\u0131c\u0131 (nar)<\/li>\n<li>asi\u0307tli\u0307k d\u00fczenleyi\u0307ci\u0307 (si\u0307tri\u0307k asi\u0307t e330)<\/li>\n<li>g\u0131da boyas\u0131 (e124) eklenmi\u015ftir,<\/li>\n<\/ul>\n<h5>Alerjen uyar\u0131s\u0131 : <\/h5>\n<p>Antep f\u0131st\u0131\u011f\u0131 i\u00e7erir. <\/p>\n<h5>Uyar\u0131lar : <\/h5>\n<p>\u00dcr\u00fcnleri 1 ya\u015f\u0131ndan k\u00fc\u00e7\u00fck \u00e7ocuklara yedirmeyiniz!<\/p>\n<h5>Saklama ko\u015fullar\u0131 : <\/h5>\n<p>Serin (16-18\u00b0C) ve kuru bir yerde saklay\u0131n. G\u00fcne\u015f \u0131\u015f\u0131\u011f\u0131ndan koruyun.<\/p>\n<table>\n<thead>\n<tr>\n<th>K\u00f6ken<\/th>\n<th>\u00dcretim tarihi<\/th>\n<th>Son kullanma tarihi<\/th>\n<\/tr>\n<\/thead>\n<tbody>\n<tr>\n<td>T\u00fcrkiye<\/td>\n<td>2023-3-20<\/td>\n<td>2024-3-20<\/td>\n<\/tr>\n<\/tbody>\n<\/table>\n<p>[\/vc_column_text][\/vc_column][vc_column width=&#8221;1\/2&#8243;][vc_column_text woodmart_inline=&#8221;no&#8221; text_larger=&#8221;no&#8221;]<\/p>\n<h5>100 gramdaki besin de\u011ferleri : <\/h5>\n<ul>\n<li>Enerji 1720,8kj\/411,7kcal<\/li>\n<li>Ya\u011f 7,5g<\/li>\n<li>Doymu\u015f 0,7 g<\/li>\n<li>Karbonhidrat 78,8g<\/li>\n<li>\u015eeker 75,7 g<\/li>\n<li>Lif 0,7 g<\/li>\n<li>Protein 1g<\/li>\n<li>tuz 0,1g<\/li>\n<\/ul>\n<p>[\/vc_column_text][\/vc_column][\/vc_row]<\/p>\n<\/div>","protected":false},"excerpt":{"rendered":"<p>Taze ve kaliteli malzemelerle geleneksel y\u00f6ntemlerle haz\u0131rlanmaktad\u0131r.<\/p>\n","protected":false},"featured_media":19414,"comment_status":"closed","ping_status":"closed","template":"","meta":[],"product_brand":[],"product_cat":[1235],"product_tag":[],"class_list":{"0":"post-17617","1":"product","2":"type-product","3":"status-publish","4":"has-post-thumbnail","6":"product_cat-lokum","8":"first","9":"outofstock","10":"taxable","11":"shipping-taxable","12":"purchasable","13":"product-type-simple"},"_links":{"self":[{"href":"https:\/\/www.matbah.se\/tr\/wp-json\/wp\/v2\/product\/17617","targetHints":{"allow":["GET"]}}],"collection":[{"href":"https:\/\/www.matbah.se\/tr\/wp-json\/wp\/v2\/product"}],"about":[{"href":"https:\/\/www.matbah.se\/tr\/wp-json\/wp\/v2\/types\/product"}],"replies":[{"embeddable":true,"href":"https:\/\/www.matbah.se\/tr\/wp-json\/wp\/v2\/comments?post=17617"}],"wp:featuredmedia":[{"embeddable":true,"href":"https:\/\/www.matbah.se\/tr\/wp-json\/wp\/v2\/media\/19414"}],"wp:attachment":[{"href":"https:\/\/www.matbah.se\/tr\/wp-json\/wp\/v2\/media?parent=17617"}],"wp:term":[{"taxonomy":"product_brand","embeddable":true,"href":"https:\/\/www.matbah.se\/tr\/wp-json\/wp\/v2\/product_brand?post=17617"},{"taxonomy":"product_cat","embeddable":true,"href":"https:\/\/www.matbah.se\/tr\/wp-json\/wp\/v2\/product_cat?post=17617"},{"taxonomy":"product_tag","embeddable":true,"href":"https:\/\/www.matbah.se\/tr\/wp-json\/wp\/v2\/product_tag?post=17617"}],"curies":[{"name":"wp","href":"https:\/\/api.w.org\/{rel}","templated":true}]}}