{"id":17639,"date":"2023-09-30T18:49:50","date_gmt":"2023-09-30T17:49:50","guid":{"rendered":"https:\/\/www.matbah.se\/gb-sitrik-asit-220g-2\/"},"modified":"2023-11-27T12:57:08","modified_gmt":"2023-11-27T11:57:08","slug":"gb-limon-tuzu-220g","status":"publish","type":"product","link":"https:\/\/www.matbah.se\/tr\/gb-limon-tuzu-220g\/","title":{"rendered":"GB Limon Tuzu 220G"},"content":{"rendered":"","protected":false},"excerpt":{"rendered":"<p>Genellikle konserve yap\u0131m\u0131nda, i\u00e7eceklerde ve baz\u0131 yemek tariflerinde kullan\u0131l\u0131r.<\/p>\n","protected":false},"featured_media":15380,"comment_status":"closed","ping_status":"closed","template":"","meta":[],"product_brand":[],"product_cat":[1218],"product_tag":[],"class_list":{"0":"post-17639","1":"product","2":"type-product","3":"status-publish","4":"has-post-thumbnail","6":"product_cat-baharat","8":"first","9":"instock","10":"taxable","11":"shipping-taxable","12":"purchasable","13":"product-type-simple"},"_links":{"self":[{"href":"https:\/\/www.matbah.se\/tr\/wp-json\/wp\/v2\/product\/17639","targetHints":{"allow":["GET"]}}],"collection":[{"href":"https:\/\/www.matbah.se\/tr\/wp-json\/wp\/v2\/product"}],"about":[{"href":"https:\/\/www.matbah.se\/tr\/wp-json\/wp\/v2\/types\/product"}],"replies":[{"embeddable":true,"href":"https:\/\/www.matbah.se\/tr\/wp-json\/wp\/v2\/comments?post=17639"}],"wp:featuredmedia":[{"embeddable":true,"href":"https:\/\/www.matbah.se\/tr\/wp-json\/wp\/v2\/media\/15380"}],"wp:attachment":[{"href":"https:\/\/www.matbah.se\/tr\/wp-json\/wp\/v2\/media?parent=17639"}],"wp:term":[{"taxonomy":"product_brand","embeddable":true,"href":"https:\/\/www.matbah.se\/tr\/wp-json\/wp\/v2\/product_brand?post=17639"},{"taxonomy":"product_cat","embeddable":true,"href":"https:\/\/www.matbah.se\/tr\/wp-json\/wp\/v2\/product_cat?post=17639"},{"taxonomy":"product_tag","embeddable":true,"href":"https:\/\/www.matbah.se\/tr\/wp-json\/wp\/v2\/product_tag?post=17639"}],"curies":[{"name":"wp","href":"https:\/\/api.w.org\/{rel}","templated":true}]}}