{"id":17641,"date":"2023-09-30T18:49:51","date_gmt":"2023-09-30T16:49:51","guid":{"rendered":"https:\/\/www.matbah.se\/?post_type=product&#038;p=17641"},"modified":"2023-12-22T11:35:38","modified_gmt":"2023-12-22T10:35:38","slug":"dilimlenmis-patlican","status":"publish","type":"product","link":"https:\/\/www.matbah.se\/tr\/dilimlenmis-patlican\/","title":{"rendered":"Dilimlenmi\u015f patl\u0131can"},"content":{"rendered":"<div class=\"wpb-content-wrapper\"><p>[vc_row][vc_column width=&#8221;1\/2&#8243;][vc_column_text woodmart_inline=&#8221;no&#8221; text_larger=&#8221;no&#8221;]Geleneksel y\u00f6ntemlerle haz\u0131rlanm\u0131\u015ft\u0131r, katk\u0131 maddesi i\u00e7ermez.<\/p>\n<h5>\u0130\u00e7indekiler: <\/h5>\n<ul>\n<li>100 Dilimlenmi\u015f Kurutulmu\u015f Patl\u0131can<\/li>\n<\/ul>\n<h5>Alerjen uyar\u0131s\u0131 : <\/h5>\n<p>Alerjen i\u00e7ermez.<\/p>\n<h5>Saklama ko\u015fullar\u0131 : <\/h5>\n<p>So\u011fuk ve kuru bir ortamda saklay\u0131n. A\u00e7\u0131ld\u0131ktan sonra buzdolab\u0131nda muhafaza edilmelidir.<\/p>\n<table>\n<thead>\n<tr>\n<th>K\u00f6ken<\/th>\n<th>\u00dcretim tarihi<\/th>\n<th>Son kullanma tarihi<\/th>\n<\/tr>\n<\/thead>\n<tbody>\n<tr>\n<td>T\u00fcrkiye<\/td>\n<td>2022-8-29<\/td>\n<td>2024-8-29<\/td>\n<\/tr>\n<\/tbody>\n<\/table>\n<p>[\/vc_column_text][\/vc_column][vc_column width=&#8221;1\/2&#8243;][vc_column_text woodmart_inline=&#8221;no&#8221; text_larger=&#8221;no&#8221;]<\/p>\n<h5>100 gramdaki besin de\u011ferleri : <\/h5>\n<ul>\n<li>Energi (kj\/kcal):1334,15\/319.17<\/li>\n<li>Ya\u011f: 0,06<\/li>\n<li>Karbonhidrat: 64,39<\/li>\n<li>Doymu\u015f ya\u011f: 0,06<\/li>\n<li>Protein:12,26<\/li>\n<li>Tuz:3,64<\/li>\n<li>\u015eeker: 6.21<\/li>\n<\/ul>\n<p>[\/vc_column_text][\/vc_column][\/vc_row]<\/p>\n<\/div>","protected":false},"excerpt":{"rendered":"<p>Geleneksel y\u00f6ntemlerle haz\u0131rlanm\u0131\u015ft\u0131r, katk\u0131 maddesi i\u00e7ermez.<\/p>\n","protected":false},"featured_media":12698,"comment_status":"closed","ping_status":"closed","template":"","meta":[],"product_brand":[],"product_cat":[1252],"product_tag":[],"class_list":{"0":"post-17641","1":"product","2":"type-product","3":"status-publish","4":"has-post-thumbnail","6":"product_cat-kurutulmus-sebze","8":"first","9":"outofstock","10":"taxable","11":"shipping-taxable","12":"purchasable","13":"product-type-simple"},"_links":{"self":[{"href":"https:\/\/www.matbah.se\/tr\/wp-json\/wp\/v2\/product\/17641","targetHints":{"allow":["GET"]}}],"collection":[{"href":"https:\/\/www.matbah.se\/tr\/wp-json\/wp\/v2\/product"}],"about":[{"href":"https:\/\/www.matbah.se\/tr\/wp-json\/wp\/v2\/types\/product"}],"replies":[{"embeddable":true,"href":"https:\/\/www.matbah.se\/tr\/wp-json\/wp\/v2\/comments?post=17641"}],"wp:featuredmedia":[{"embeddable":true,"href":"https:\/\/www.matbah.se\/tr\/wp-json\/wp\/v2\/media\/12698"}],"wp:attachment":[{"href":"https:\/\/www.matbah.se\/tr\/wp-json\/wp\/v2\/media?parent=17641"}],"wp:term":[{"taxonomy":"product_brand","embeddable":true,"href":"https:\/\/www.matbah.se\/tr\/wp-json\/wp\/v2\/product_brand?post=17641"},{"taxonomy":"product_cat","embeddable":true,"href":"https:\/\/www.matbah.se\/tr\/wp-json\/wp\/v2\/product_cat?post=17641"},{"taxonomy":"product_tag","embeddable":true,"href":"https:\/\/www.matbah.se\/tr\/wp-json\/wp\/v2\/product_tag?post=17641"}],"curies":[{"name":"wp","href":"https:\/\/api.w.org\/{rel}","templated":true}]}}