{"id":17642,"date":"2023-09-30T18:49:51","date_gmt":"2023-09-30T17:49:51","guid":{"rendered":"https:\/\/www.matbah.se\/gb-limon-biberi-160g-2\/"},"modified":"2023-11-27T12:57:13","modified_gmt":"2023-11-27T11:57:13","slug":"gb-limon-biberi-160gr","status":"publish","type":"product","link":"https:\/\/www.matbah.se\/tr\/gb-limon-biberi-160gr\/","title":{"rendered":"GB Limon Biberi 160Gr"},"content":{"rendered":"","protected":false},"excerpt":{"rendered":"<p>Yemeklere limonlu tat vermek i\u00e7in kullan\u0131l\u0131r, genellikle tavuk ve bal\u0131k yemeklerinde tercih edilir.<\/p>\n","protected":false},"featured_media":15410,"comment_status":"closed","ping_status":"closed","template":"","meta":[],"product_brand":[],"product_cat":[1218],"product_tag":[],"class_list":{"0":"post-17642","1":"product","2":"type-product","3":"status-publish","4":"has-post-thumbnail","6":"product_cat-baharat","8":"first","9":"instock","10":"taxable","11":"shipping-taxable","12":"purchasable","13":"product-type-simple"},"_links":{"self":[{"href":"https:\/\/www.matbah.se\/tr\/wp-json\/wp\/v2\/product\/17642","targetHints":{"allow":["GET"]}}],"collection":[{"href":"https:\/\/www.matbah.se\/tr\/wp-json\/wp\/v2\/product"}],"about":[{"href":"https:\/\/www.matbah.se\/tr\/wp-json\/wp\/v2\/types\/product"}],"replies":[{"embeddable":true,"href":"https:\/\/www.matbah.se\/tr\/wp-json\/wp\/v2\/comments?post=17642"}],"wp:featuredmedia":[{"embeddable":true,"href":"https:\/\/www.matbah.se\/tr\/wp-json\/wp\/v2\/media\/15410"}],"wp:attachment":[{"href":"https:\/\/www.matbah.se\/tr\/wp-json\/wp\/v2\/media?parent=17642"}],"wp:term":[{"taxonomy":"product_brand","embeddable":true,"href":"https:\/\/www.matbah.se\/tr\/wp-json\/wp\/v2\/product_brand?post=17642"},{"taxonomy":"product_cat","embeddable":true,"href":"https:\/\/www.matbah.se\/tr\/wp-json\/wp\/v2\/product_cat?post=17642"},{"taxonomy":"product_tag","embeddable":true,"href":"https:\/\/www.matbah.se\/tr\/wp-json\/wp\/v2\/product_tag?post=17642"}],"curies":[{"name":"wp","href":"https:\/\/api.w.org\/{rel}","templated":true}]}}