{"id":17651,"date":"2023-09-30T18:49:50","date_gmt":"2023-09-30T17:49:50","guid":{"rendered":"https:\/\/www.matbah.se\/gb-toz-biber-guclu-120g-2\/"},"modified":"2023-11-27T12:55:57","modified_gmt":"2023-11-27T11:55:57","slug":"gb-guclu-biber-tozu-120g","status":"publish","type":"product","link":"https:\/\/www.matbah.se\/tr\/gb-guclu-biber-tozu-120g\/","title":{"rendered":"GB G\u00fc\u00e7l\u00fc Biber Tozu 120G"},"content":{"rendered":"","protected":false},"excerpt":{"rendered":"<p>Yemeklere ac\u0131l\u0131k katmak i\u00e7in kullan\u0131l\u0131r, \u00e7e\u015fitli d\u00fcnya mutfaklar\u0131nda tercih edilir.<\/p>\n","protected":false},"featured_media":15386,"comment_status":"closed","ping_status":"closed","template":"","meta":[],"product_brand":[],"product_cat":[1218],"product_tag":[],"class_list":{"0":"post-17651","1":"product","2":"type-product","3":"status-publish","4":"has-post-thumbnail","6":"product_cat-baharat","8":"first","9":"instock","10":"taxable","11":"shipping-taxable","12":"purchasable","13":"product-type-simple"},"_links":{"self":[{"href":"https:\/\/www.matbah.se\/tr\/wp-json\/wp\/v2\/product\/17651","targetHints":{"allow":["GET"]}}],"collection":[{"href":"https:\/\/www.matbah.se\/tr\/wp-json\/wp\/v2\/product"}],"about":[{"href":"https:\/\/www.matbah.se\/tr\/wp-json\/wp\/v2\/types\/product"}],"replies":[{"embeddable":true,"href":"https:\/\/www.matbah.se\/tr\/wp-json\/wp\/v2\/comments?post=17651"}],"wp:featuredmedia":[{"embeddable":true,"href":"https:\/\/www.matbah.se\/tr\/wp-json\/wp\/v2\/media\/15386"}],"wp:attachment":[{"href":"https:\/\/www.matbah.se\/tr\/wp-json\/wp\/v2\/media?parent=17651"}],"wp:term":[{"taxonomy":"product_brand","embeddable":true,"href":"https:\/\/www.matbah.se\/tr\/wp-json\/wp\/v2\/product_brand?post=17651"},{"taxonomy":"product_cat","embeddable":true,"href":"https:\/\/www.matbah.se\/tr\/wp-json\/wp\/v2\/product_cat?post=17651"},{"taxonomy":"product_tag","embeddable":true,"href":"https:\/\/www.matbah.se\/tr\/wp-json\/wp\/v2\/product_tag?post=17651"}],"curies":[{"name":"wp","href":"https:\/\/api.w.org\/{rel}","templated":true}]}}