{"id":17668,"date":"2023-09-30T18:49:50","date_gmt":"2023-09-30T17:49:50","guid":{"rendered":"https:\/\/www.matbah.se\/gb-kori-hafif-140g-2\/"},"modified":"2023-11-27T12:57:53","modified_gmt":"2023-11-27T11:57:53","slug":"gb-hafif-kori-140g","status":"publish","type":"product","link":"https:\/\/www.matbah.se\/tr\/gb-hafif-kori-140g\/","title":{"rendered":"GB Hafif K\u00f6ri 140G"},"content":{"rendered":"","protected":false},"excerpt":{"rendered":"<p>Genellikle Hint mutfa\u011f\u0131nda kullan\u0131l\u0131r, \u00e7e\u015fitli et, sebze yemeklerinde ve soslarda tercih edilir.<\/p>\n","protected":false},"featured_media":15398,"comment_status":"closed","ping_status":"closed","template":"","meta":[],"product_brand":[],"product_cat":[1218],"product_tag":[],"class_list":{"0":"post-17668","1":"product","2":"type-product","3":"status-publish","4":"has-post-thumbnail","6":"product_cat-baharat","8":"first","9":"instock","10":"taxable","11":"shipping-taxable","12":"purchasable","13":"product-type-simple"},"_links":{"self":[{"href":"https:\/\/www.matbah.se\/tr\/wp-json\/wp\/v2\/product\/17668","targetHints":{"allow":["GET"]}}],"collection":[{"href":"https:\/\/www.matbah.se\/tr\/wp-json\/wp\/v2\/product"}],"about":[{"href":"https:\/\/www.matbah.se\/tr\/wp-json\/wp\/v2\/types\/product"}],"replies":[{"embeddable":true,"href":"https:\/\/www.matbah.se\/tr\/wp-json\/wp\/v2\/comments?post=17668"}],"wp:featuredmedia":[{"embeddable":true,"href":"https:\/\/www.matbah.se\/tr\/wp-json\/wp\/v2\/media\/15398"}],"wp:attachment":[{"href":"https:\/\/www.matbah.se\/tr\/wp-json\/wp\/v2\/media?parent=17668"}],"wp:term":[{"taxonomy":"product_brand","embeddable":true,"href":"https:\/\/www.matbah.se\/tr\/wp-json\/wp\/v2\/product_brand?post=17668"},{"taxonomy":"product_cat","embeddable":true,"href":"https:\/\/www.matbah.se\/tr\/wp-json\/wp\/v2\/product_cat?post=17668"},{"taxonomy":"product_tag","embeddable":true,"href":"https:\/\/www.matbah.se\/tr\/wp-json\/wp\/v2\/product_tag?post=17668"}],"curies":[{"name":"wp","href":"https:\/\/api.w.org\/{rel}","templated":true}]}}