{"id":17672,"date":"2023-09-30T18:49:49","date_gmt":"2023-09-30T17:49:49","guid":{"rendered":"https:\/\/www.matbah.se\/gb-kisnis-ogutme-100g-2\/"},"modified":"2023-11-27T11:47:01","modified_gmt":"2023-11-27T10:47:01","slug":"gb-toz-kisnis-100g","status":"publish","type":"product","link":"https:\/\/www.matbah.se\/tr\/gb-toz-kisnis-100g\/","title":{"rendered":"GB Toz Ki\u015fni\u015f 100G"},"content":{"rendered":"","protected":false},"excerpt":{"rendered":"<p>D\u00fcnya mutfaklar\u0131nda geni\u015f bir kullan\u0131m alan\u0131na sahiptir, \u00f6zellikle Asya ve Orta Do\u011fu yemeklerinde kullan\u0131l\u0131r.<\/p>\n","protected":false},"featured_media":15368,"comment_status":"closed","ping_status":"closed","template":"","meta":[],"product_brand":[],"product_cat":[1218],"product_tag":[],"class_list":{"0":"post-17672","1":"product","2":"type-product","3":"status-publish","4":"has-post-thumbnail","6":"product_cat-baharat","8":"first","9":"instock","10":"taxable","11":"shipping-taxable","12":"purchasable","13":"product-type-simple"},"_links":{"self":[{"href":"https:\/\/www.matbah.se\/tr\/wp-json\/wp\/v2\/product\/17672","targetHints":{"allow":["GET"]}}],"collection":[{"href":"https:\/\/www.matbah.se\/tr\/wp-json\/wp\/v2\/product"}],"about":[{"href":"https:\/\/www.matbah.se\/tr\/wp-json\/wp\/v2\/types\/product"}],"replies":[{"embeddable":true,"href":"https:\/\/www.matbah.se\/tr\/wp-json\/wp\/v2\/comments?post=17672"}],"wp:featuredmedia":[{"embeddable":true,"href":"https:\/\/www.matbah.se\/tr\/wp-json\/wp\/v2\/media\/15368"}],"wp:attachment":[{"href":"https:\/\/www.matbah.se\/tr\/wp-json\/wp\/v2\/media?parent=17672"}],"wp:term":[{"taxonomy":"product_brand","embeddable":true,"href":"https:\/\/www.matbah.se\/tr\/wp-json\/wp\/v2\/product_brand?post=17672"},{"taxonomy":"product_cat","embeddable":true,"href":"https:\/\/www.matbah.se\/tr\/wp-json\/wp\/v2\/product_cat?post=17672"},{"taxonomy":"product_tag","embeddable":true,"href":"https:\/\/www.matbah.se\/tr\/wp-json\/wp\/v2\/product_tag?post=17672"}],"curies":[{"name":"wp","href":"https:\/\/api.w.org\/{rel}","templated":true}]}}