{"id":17674,"date":"2023-09-30T18:49:49","date_gmt":"2023-09-30T17:49:49","guid":{"rendered":"https:\/\/www.matbah.se\/gb-biryani-masala-karachi-140g-2\/"},"modified":"2023-11-27T12:00:07","modified_gmt":"2023-11-27T11:00:07","slug":"gb-biryani-masala-karachi-140g","status":"publish","type":"product","link":"https:\/\/www.matbah.se\/tr\/gb-biryani-masala-karachi-140g\/","title":{"rendered":"GB Biryani Masala Karachi 140G"},"content":{"rendered":"","protected":false},"excerpt":{"rendered":"<p>Biryani ad\u0131 verilen Hint yeme\u011fi i\u00e7in \u00f6zel bir baharat kar\u0131\u015f\u0131m\u0131d\u0131r.<\/p>\n","protected":false},"featured_media":15479,"comment_status":"closed","ping_status":"closed","template":"","meta":[],"product_brand":[],"product_cat":[1218],"product_tag":[],"class_list":{"0":"post-17674","1":"product","2":"type-product","3":"status-publish","4":"has-post-thumbnail","6":"product_cat-baharat","8":"first","9":"instock","10":"taxable","11":"shipping-taxable","12":"purchasable","13":"product-type-simple"},"_links":{"self":[{"href":"https:\/\/www.matbah.se\/tr\/wp-json\/wp\/v2\/product\/17674","targetHints":{"allow":["GET"]}}],"collection":[{"href":"https:\/\/www.matbah.se\/tr\/wp-json\/wp\/v2\/product"}],"about":[{"href":"https:\/\/www.matbah.se\/tr\/wp-json\/wp\/v2\/types\/product"}],"replies":[{"embeddable":true,"href":"https:\/\/www.matbah.se\/tr\/wp-json\/wp\/v2\/comments?post=17674"}],"wp:featuredmedia":[{"embeddable":true,"href":"https:\/\/www.matbah.se\/tr\/wp-json\/wp\/v2\/media\/15479"}],"wp:attachment":[{"href":"https:\/\/www.matbah.se\/tr\/wp-json\/wp\/v2\/media?parent=17674"}],"wp:term":[{"taxonomy":"product_brand","embeddable":true,"href":"https:\/\/www.matbah.se\/tr\/wp-json\/wp\/v2\/product_brand?post=17674"},{"taxonomy":"product_cat","embeddable":true,"href":"https:\/\/www.matbah.se\/tr\/wp-json\/wp\/v2\/product_cat?post=17674"},{"taxonomy":"product_tag","embeddable":true,"href":"https:\/\/www.matbah.se\/tr\/wp-json\/wp\/v2\/product_tag?post=17674"}],"curies":[{"name":"wp","href":"https:\/\/api.w.org\/{rel}","templated":true}]}}