{"id":17686,"date":"2023-09-30T18:49:45","date_gmt":"2023-09-30T17:49:45","guid":{"rendered":"https:\/\/www.matbah.se\/gb-mint-35g-2\/"},"modified":"2023-11-27T12:00:21","modified_gmt":"2023-11-27T11:00:21","slug":"gb-nane-35g","status":"publish","type":"product","link":"https:\/\/www.matbah.se\/tr\/gb-nane-35g\/","title":{"rendered":"GB Nane 35G"},"content":{"rendered":"","protected":false},"excerpt":{"rendered":"<p>Salatalarda, mezelerde, \u00e7e\u015fitli yemeklerde ve i\u00e7eceklerde kullan\u0131l\u0131r.<\/p>\n","protected":false},"featured_media":15476,"comment_status":"closed","ping_status":"closed","template":"","meta":[],"product_brand":[],"product_cat":[1218],"product_tag":[],"class_list":{"0":"post-17686","1":"product","2":"type-product","3":"status-publish","4":"has-post-thumbnail","6":"product_cat-baharat","8":"first","9":"instock","10":"taxable","11":"shipping-taxable","12":"purchasable","13":"product-type-simple"},"_links":{"self":[{"href":"https:\/\/www.matbah.se\/tr\/wp-json\/wp\/v2\/product\/17686","targetHints":{"allow":["GET"]}}],"collection":[{"href":"https:\/\/www.matbah.se\/tr\/wp-json\/wp\/v2\/product"}],"about":[{"href":"https:\/\/www.matbah.se\/tr\/wp-json\/wp\/v2\/types\/product"}],"replies":[{"embeddable":true,"href":"https:\/\/www.matbah.se\/tr\/wp-json\/wp\/v2\/comments?post=17686"}],"wp:featuredmedia":[{"embeddable":true,"href":"https:\/\/www.matbah.se\/tr\/wp-json\/wp\/v2\/media\/15476"}],"wp:attachment":[{"href":"https:\/\/www.matbah.se\/tr\/wp-json\/wp\/v2\/media?parent=17686"}],"wp:term":[{"taxonomy":"product_brand","embeddable":true,"href":"https:\/\/www.matbah.se\/tr\/wp-json\/wp\/v2\/product_brand?post=17686"},{"taxonomy":"product_cat","embeddable":true,"href":"https:\/\/www.matbah.se\/tr\/wp-json\/wp\/v2\/product_cat?post=17686"},{"taxonomy":"product_tag","embeddable":true,"href":"https:\/\/www.matbah.se\/tr\/wp-json\/wp\/v2\/product_tag?post=17686"}],"curies":[{"name":"wp","href":"https:\/\/api.w.org\/{rel}","templated":true}]}}