{"id":17692,"date":"2023-09-30T18:49:44","date_gmt":"2023-09-30T17:49:44","guid":{"rendered":"https:\/\/www.matbah.se\/gb-kimyon-ogutme-110g-2\/"},"modified":"2023-11-27T10:44:23","modified_gmt":"2023-11-27T09:44:23","slug":"gb-toz-kimyon-110g","status":"publish","type":"product","link":"https:\/\/www.matbah.se\/tr\/gb-toz-kimyon-110g\/","title":{"rendered":"GB Toz Kimyon 110G"},"content":{"rendered":"","protected":false},"excerpt":{"rendered":"<p>Orta Do\u011fu, Akdeniz ve Hint mutfa\u011f\u0131nda yayg\u0131n olarak kullan\u0131l\u0131r, et yemeklerinde, sebzelerde ve baz\u0131 ekmek tariflerinde tercih edilir.<\/p>\n","protected":false},"featured_media":15461,"comment_status":"closed","ping_status":"closed","template":"","meta":[],"product_brand":[],"product_cat":[1218],"product_tag":[],"class_list":{"0":"post-17692","1":"product","2":"type-product","3":"status-publish","4":"has-post-thumbnail","6":"product_cat-baharat","8":"first","9":"instock","10":"taxable","11":"shipping-taxable","12":"purchasable","13":"product-type-simple"},"_links":{"self":[{"href":"https:\/\/www.matbah.se\/tr\/wp-json\/wp\/v2\/product\/17692","targetHints":{"allow":["GET"]}}],"collection":[{"href":"https:\/\/www.matbah.se\/tr\/wp-json\/wp\/v2\/product"}],"about":[{"href":"https:\/\/www.matbah.se\/tr\/wp-json\/wp\/v2\/types\/product"}],"replies":[{"embeddable":true,"href":"https:\/\/www.matbah.se\/tr\/wp-json\/wp\/v2\/comments?post=17692"}],"wp:featuredmedia":[{"embeddable":true,"href":"https:\/\/www.matbah.se\/tr\/wp-json\/wp\/v2\/media\/15461"}],"wp:attachment":[{"href":"https:\/\/www.matbah.se\/tr\/wp-json\/wp\/v2\/media?parent=17692"}],"wp:term":[{"taxonomy":"product_brand","embeddable":true,"href":"https:\/\/www.matbah.se\/tr\/wp-json\/wp\/v2\/product_brand?post=17692"},{"taxonomy":"product_cat","embeddable":true,"href":"https:\/\/www.matbah.se\/tr\/wp-json\/wp\/v2\/product_cat?post=17692"},{"taxonomy":"product_tag","embeddable":true,"href":"https:\/\/www.matbah.se\/tr\/wp-json\/wp\/v2\/product_tag?post=17692"}],"curies":[{"name":"wp","href":"https:\/\/api.w.org\/{rel}","templated":true}]}}