{"id":17694,"date":"2023-09-30T18:49:44","date_gmt":"2023-09-30T17:49:44","guid":{"rendered":"https:\/\/www.matbah.se\/gb-kimyon-hel-100g-2\/"},"modified":"2023-11-21T17:46:18","modified_gmt":"2023-11-21T16:46:18","slug":"gb-tane-kimyon-100g","status":"publish","type":"product","link":"https:\/\/www.matbah.se\/tr\/gb-tane-kimyon-100g\/","title":{"rendered":"GB Tane Kimyon 100G"},"content":{"rendered":"","protected":false},"excerpt":{"rendered":"<p><span data-sheets-root=\"1\" data-sheets-value=\"{\"1\":2,\"2\":\"Det anv\u00e4nds ofta i Mellan\u00f6stern, Medelhavet och Indiska k\u00f6ket, och \u00e4r att f\u00f6redra i k\u00f6ttr\u00e4tter, gr\u00f6nsaker och vissa br\u00f6drecept.\"}\" data-sheets-userformat=\"{\"2\":6723,\"3\":{\"1\":0},\"4\":{\"1\":2,\"2\":16777215},\"9\":0,\"12\":0,\"14\":{\"1\":2,\"2\":0},\"15\":\"Arial\"}\">Genellikle Orta Do\u011fu, Akdeniz ve Hint mutfa\u011f\u0131nda yayg\u0131n olarak kullan\u0131l\u0131r, et yemeklerinde, sebzelerde ve baz\u0131 ekmek tariflerinde tercih edilir.<\/span><\/p>\n","protected":false},"featured_media":15455,"comment_status":"closed","ping_status":"closed","template":"","meta":[],"product_brand":[],"product_cat":[1218],"product_tag":[],"class_list":{"0":"post-17694","1":"product","2":"type-product","3":"status-publish","4":"has-post-thumbnail","6":"product_cat-baharat","8":"first","9":"instock","10":"taxable","11":"shipping-taxable","12":"purchasable","13":"product-type-simple"},"_links":{"self":[{"href":"https:\/\/www.matbah.se\/tr\/wp-json\/wp\/v2\/product\/17694","targetHints":{"allow":["GET"]}}],"collection":[{"href":"https:\/\/www.matbah.se\/tr\/wp-json\/wp\/v2\/product"}],"about":[{"href":"https:\/\/www.matbah.se\/tr\/wp-json\/wp\/v2\/types\/product"}],"replies":[{"embeddable":true,"href":"https:\/\/www.matbah.se\/tr\/wp-json\/wp\/v2\/comments?post=17694"}],"wp:featuredmedia":[{"embeddable":true,"href":"https:\/\/www.matbah.se\/tr\/wp-json\/wp\/v2\/media\/15455"}],"wp:attachment":[{"href":"https:\/\/www.matbah.se\/tr\/wp-json\/wp\/v2\/media?parent=17694"}],"wp:term":[{"taxonomy":"product_brand","embeddable":true,"href":"https:\/\/www.matbah.se\/tr\/wp-json\/wp\/v2\/product_brand?post=17694"},{"taxonomy":"product_cat","embeddable":true,"href":"https:\/\/www.matbah.se\/tr\/wp-json\/wp\/v2\/product_cat?post=17694"},{"taxonomy":"product_tag","embeddable":true,"href":"https:\/\/www.matbah.se\/tr\/wp-json\/wp\/v2\/product_tag?post=17694"}],"curies":[{"name":"wp","href":"https:\/\/api.w.org\/{rel}","templated":true}]}}