{"id":17701,"date":"2023-09-30T18:49:44","date_gmt":"2023-09-30T16:49:44","guid":{"rendered":"https:\/\/www.matbah.se\/gb-tavuk-shawm-cesnisi-140g-2\/"},"modified":"2023-11-21T17:47:53","modified_gmt":"2023-11-21T16:47:53","slug":"gb-tavuk-shawerma-baharati-140gr","status":"publish","type":"product","link":"https:\/\/www.matbah.se\/tr\/gb-tavuk-shawerma-baharati-140gr\/","title":{"rendered":"GB Tavuk Shawerma Baharat\u0131 140Gr"},"content":{"rendered":"","protected":false},"excerpt":{"rendered":"<p><span data-sheets-root=\"1\" data-sheets-value=\"{\"1\":2,\"2\":\"Det anv\u00e4nds f\u00f6r att g\u00f6ra kycklingshawarma eller d\u00f6ner.\"}\" data-sheets-userformat=\"{\"2\":6723,\"3\":{\"1\":0},\"4\":{\"1\":2,\"2\":16777215},\"9\":0,\"12\":0,\"14\":{\"1\":2,\"2\":0},\"15\":\"Arial\"}\">Tavuk \u015favarmas\u0131 veya d\u00f6ner yap\u0131m\u0131nda kullan\u0131l\u0131r.<\/span><\/p>\n","protected":false},"featured_media":15458,"comment_status":"closed","ping_status":"closed","template":"","meta":[],"product_brand":[],"product_cat":[1218],"product_tag":[],"class_list":{"0":"post-17701","1":"product","2":"type-product","3":"status-publish","4":"has-post-thumbnail","6":"product_cat-baharat","8":"first","9":"outofstock","10":"taxable","11":"shipping-taxable","12":"purchasable","13":"product-type-simple"},"_links":{"self":[{"href":"https:\/\/www.matbah.se\/tr\/wp-json\/wp\/v2\/product\/17701","targetHints":{"allow":["GET"]}}],"collection":[{"href":"https:\/\/www.matbah.se\/tr\/wp-json\/wp\/v2\/product"}],"about":[{"href":"https:\/\/www.matbah.se\/tr\/wp-json\/wp\/v2\/types\/product"}],"replies":[{"embeddable":true,"href":"https:\/\/www.matbah.se\/tr\/wp-json\/wp\/v2\/comments?post=17701"}],"wp:featuredmedia":[{"embeddable":true,"href":"https:\/\/www.matbah.se\/tr\/wp-json\/wp\/v2\/media\/15458"}],"wp:attachment":[{"href":"https:\/\/www.matbah.se\/tr\/wp-json\/wp\/v2\/media?parent=17701"}],"wp:term":[{"taxonomy":"product_brand","embeddable":true,"href":"https:\/\/www.matbah.se\/tr\/wp-json\/wp\/v2\/product_brand?post=17701"},{"taxonomy":"product_cat","embeddable":true,"href":"https:\/\/www.matbah.se\/tr\/wp-json\/wp\/v2\/product_cat?post=17701"},{"taxonomy":"product_tag","embeddable":true,"href":"https:\/\/www.matbah.se\/tr\/wp-json\/wp\/v2\/product_tag?post=17701"}],"curies":[{"name":"wp","href":"https:\/\/api.w.org\/{rel}","templated":true}]}}