{"id":17706,"date":"2023-06-30T19:35:50","date_gmt":"2023-06-30T17:35:50","guid":{"rendered":"https:\/\/www.matbah.se\/kavrulmus-antep-fistigi-2\/"},"modified":"2024-02-26T13:12:00","modified_gmt":"2024-02-26T12:12:00","slug":"kavrulmus-antep-fistigi","status":"publish","type":"product","link":"https:\/\/www.matbah.se\/tr\/kavrulmus-antep-fistigi\/","title":{"rendered":"Kavrulmu\u015f Antep F\u0131st\u0131\u011f\u0131"},"content":{"rendered":"<div class=\"wpb-content-wrapper\"><p>[vc_row][vc_column width=&#8221;1\/2&#8243;][vc_column_text woodmart_inline=&#8221;no&#8221; text_larger=&#8221;no&#8221;]Taze ve kaliteli malzemelerle geleneksel y\u00f6ntemlerle haz\u0131rlanmaktad\u0131r.<\/p>\n<h5>\u0130\u00e7indekiler:<\/h5>\n<ul>\n<li>Antep F\u0131st\u0131\u011f\u0131<\/li>\n<li>Tuz<\/li>\n<\/ul>\n<h5>Alerjen uyar\u0131s\u0131 :<\/h5>\n<p>Antep f\u0131st\u0131\u011f\u0131 i\u00e7erir.<\/p>\n<h5>Saklama ko\u015fullar\u0131 :<\/h5>\n<p>Serin ve kuru bir yerde saklay\u0131n. G\u00fcne\u015f \u0131\u015f\u0131\u011f\u0131ndan koruyun.<\/p>\n<table>\n<thead>\n<tr>\n<th>Men\u015fei<\/th>\n<th>\u00dcretim tarihi<\/th>\n<th>Son kullanma tarihi<\/th>\n<\/tr>\n<\/thead>\n<tbody>\n<tr>\n<td>T\u00fcrkiye<\/td>\n<td>2023-9-9<\/td>\n<td>2024-9-9<\/td>\n<\/tr>\n<\/tbody>\n<\/table>\n<p>[\/vc_column_text][\/vc_column][vc_column width=&#8221;1\/2&#8243;][vc_column_text woodmart_inline=&#8221;no&#8221; text_larger=&#8221;no&#8221;]<\/p>\n<h5>100 gramdaki besin de\u011ferleri :<\/h5>\n<ul>\n<li>Enerji 2377kj\/568kcal<\/li>\n<li>Karbonhidrat 28,28g<\/li>\n<li>Protein 21.05g<\/li>\n<li>Ya\u011f 45,82g<\/li>\n<li>Fiber 10.3g<\/li>\n<li>Sodyum 6mg<\/li>\n<li>Potasyum 1007mg<\/li>\n<li>Kalsiyum 107mg<\/li>\n<li>A vitamini 266iu<\/li>\n<li>C vitamini 3mg<\/li>\n<li>Demir 4.03<\/li>\n<\/ul>\n<p>[\/vc_column_text][\/vc_column][\/vc_row]<\/p>\n<\/div>","protected":false},"excerpt":{"rendered":"<p>Kavrulmu\u015f Antep f\u0131st\u0131\u011f\u0131, sa\u011fl\u0131kl\u0131 bir at\u0131\u015ft\u0131rmal\u0131k olarak bilinir ve sa\u011fl\u0131k a\u00e7\u0131s\u0131ndan pek \u00e7ok fayda sunar. Bu lezzetli yemi\u015fler, e\u015fsiz tatlar\u0131 ve sa\u011fl\u0131\u011fa bir\u00e7ok faydas\u0131 ile bilinir. M\u00fckemmel kavrulmu\u015f, tatmin edici bir gevreklik sunar ve m\u00fckemmel bir besin kayna\u011f\u0131d\u0131r. Kavrulmu\u015f Antep F\u0131st\u0131\u011f\u0131, ister oldu\u011fu gibi t\u00fcketilsin, ister \u00e7e\u015fitli yemeklere kat\u0131ls\u0131n, her ara \u00f6\u011f\u00fcn\u00fcn veya yeme\u011fin yan\u0131na harika bir tamamlay\u0131c\u0131d\u0131r.<\/p>\n<h6><span style=\"vertical-align: inherit;\">Kavrulmu\u015f Antep F\u0131st\u0131\u011f\u0131n\u0131n Faydalar\u0131:<\/span><\/h6>\n<ul>\n<li>Kavrulmu\u015f Antep f\u0131st\u0131\u011f\u0131, sa\u011fl\u0131kl\u0131 bir at\u0131\u015ft\u0131rmal\u0131k olarak bilinir ve sa\u011fl\u0131k a\u00e7\u0131s\u0131ndan pek \u00e7ok fayda sunar.<\/li>\n<li>\u0130\u00e7erdi\u011fi sa\u011fl\u0131kl\u0131 ya\u011flar, protein, lif, vitaminler ve mineraller sayesinde besleyici bir profil sergiler.<\/li>\n<li>Kalp sa\u011fl\u0131\u011f\u0131n\u0131 destekler ve kardiyovask\u00fcler hastal\u0131k riskini azaltmaya yard\u0131mc\u0131 olabilir.<\/li>\n<li>Antioksidanlarla doludur ve v\u00fccuttaki serbest radikallerle sava\u015farak h\u00fccre sa\u011fl\u0131\u011f\u0131n\u0131 korur.<\/li>\n<li>Sindirim sistemini destekler, sindirim s\u00fcrecini d\u00fczenler ve ba\u011f\u0131rsak sa\u011fl\u0131\u011f\u0131n\u0131 iyile\u015ftirir.<\/li>\n<li>Kan \u015fekerini dengelemeye yard\u0131mc\u0131 olur ve uzun s\u00fcreli tokluk hissi sa\u011flar.<\/li>\n<\/ul>\n","protected":false},"featured_media":12420,"comment_status":"open","ping_status":"closed","template":"","meta":[],"product_brand":[],"product_cat":[1214],"product_tag":[],"class_list":{"0":"post-17706","1":"product","2":"type-product","3":"status-publish","4":"has-post-thumbnail","6":"product_cat-kuruyemis","8":"first","9":"instock","10":"taxable","11":"shipping-taxable","12":"purchasable","13":"product-type-simple"},"_links":{"self":[{"href":"https:\/\/www.matbah.se\/tr\/wp-json\/wp\/v2\/product\/17706","targetHints":{"allow":["GET"]}}],"collection":[{"href":"https:\/\/www.matbah.se\/tr\/wp-json\/wp\/v2\/product"}],"about":[{"href":"https:\/\/www.matbah.se\/tr\/wp-json\/wp\/v2\/types\/product"}],"replies":[{"embeddable":true,"href":"https:\/\/www.matbah.se\/tr\/wp-json\/wp\/v2\/comments?post=17706"}],"wp:featuredmedia":[{"embeddable":true,"href":"https:\/\/www.matbah.se\/tr\/wp-json\/wp\/v2\/media\/12420"}],"wp:attachment":[{"href":"https:\/\/www.matbah.se\/tr\/wp-json\/wp\/v2\/media?parent=17706"}],"wp:term":[{"taxonomy":"product_brand","embeddable":true,"href":"https:\/\/www.matbah.se\/tr\/wp-json\/wp\/v2\/product_brand?post=17706"},{"taxonomy":"product_cat","embeddable":true,"href":"https:\/\/www.matbah.se\/tr\/wp-json\/wp\/v2\/product_cat?post=17706"},{"taxonomy":"product_tag","embeddable":true,"href":"https:\/\/www.matbah.se\/tr\/wp-json\/wp\/v2\/product_tag?post=17706"}],"curies":[{"name":"wp","href":"https:\/\/api.w.org\/{rel}","templated":true}]}}