{"id":17732,"date":"2023-04-21T10:44:36","date_gmt":"2023-04-21T08:44:36","guid":{"rendered":"https:\/\/www.matbah.se\/antep-fistikli-helva-350gr\/"},"modified":"2024-02-16T14:13:44","modified_gmt":"2024-02-16T13:13:44","slug":"antep-fistikli-helva-350gr","status":"publish","type":"product","link":"https:\/\/www.matbah.se\/tr\/antep-fistikli-helva-350gr\/","title":{"rendered":"Antep F\u0131st\u0131kl\u0131 Helva 350Gr"},"content":{"rendered":"<div class=\"wpb-content-wrapper\"><p>[vc_row][vc_column width=&#8221;1\/2&#8243;][vc_column_text woodmart_inline=&#8221;no&#8221; text_larger=&#8221;no&#8221;]Geleneksel y\u00f6ntemlerle haz\u0131rlanm\u0131\u015ft\u0131r, katk\u0131 maddesi i\u00e7ermez.<\/p>\n<h5>\u0130\u00e7indekiler: <\/h5>\n<ul>\n<li>Tahin<\/li>\n<li>\u015eeker<\/li>\n<li>Antep F\u0131st\u0131\u011f\u0131<\/li>\n<li>Vanilya<\/li>\n<li>\u00c7\u00f6z\u00fcc\u00fc su<\/li>\n<li>Sitrik asit (E330)<\/li>\n<li>Em\u00fclgat\u00f6r (E471)<\/li>\n<\/ul>\n<h5>Alerjen uyar\u0131s\u0131 : <\/h5>\n<p>Susam i\u00e7erir.<\/p>\n<h5>Saklama ko\u015fullar\u0131 : <\/h5>\n<p>So\u011fuk ve kuru bir ortamda saklay\u0131n. A\u00e7\u0131ld\u0131ktan sonra buzdolab\u0131nda muhafaza edilmelidir.<\/p>\n<table>\n<thead>\n<tr>\n<th>K\u00f6ken<\/th>\n<th>\u00dcretim tarihi<\/th>\n<th>Son kullanma tarihi<\/th>\n<\/tr>\n<\/thead>\n<tbody>\n<tr>\n<td>T\u00fcrkiye<\/td>\n<td>2023-1-13<\/td>\n<td>2024-1-13<\/td>\n<\/tr>\n<\/tbody>\n<\/table>\n<p>[\/vc_column_text][\/vc_column][vc_column width=&#8221;1\/2&#8243;][vc_column_text woodmart_inline=&#8221;no&#8221; text_larger=&#8221;no&#8221;]<\/p>\n<h5>100 gramdaki besin de\u011ferleri : <\/h5>\n<ul>\n<li>Enerji:482kcal<\/li>\n<li>Karbonhidrat: 54,25<\/li>\n<li>Protein: 13,6<\/li>\n<li>Ya\u011f: 30.04<\/li>\n<li>Tuz:0,11<\/li>\n<\/ul>\n<p>[\/vc_column_text][\/vc_column][\/vc_row]<\/p>\n<\/div>","protected":false},"excerpt":{"rendered":"<p>Geleneksel y\u00f6ntemlerle haz\u0131rlanm\u0131\u015ft\u0131r, katk\u0131 maddesi i\u00e7ermez.<\/p>\n","protected":false},"featured_media":20926,"comment_status":"open","ping_status":"closed","template":"","meta":[],"product_brand":[],"product_cat":[1255],"product_tag":[],"class_list":{"0":"post-17732","1":"product","2":"type-product","3":"status-publish","4":"has-post-thumbnail","6":"product_cat-helva","8":"first","9":"instock","10":"taxable","11":"shipping-taxable","12":"purchasable","13":"product-type-simple"},"_links":{"self":[{"href":"https:\/\/www.matbah.se\/tr\/wp-json\/wp\/v2\/product\/17732","targetHints":{"allow":["GET"]}}],"collection":[{"href":"https:\/\/www.matbah.se\/tr\/wp-json\/wp\/v2\/product"}],"about":[{"href":"https:\/\/www.matbah.se\/tr\/wp-json\/wp\/v2\/types\/product"}],"replies":[{"embeddable":true,"href":"https:\/\/www.matbah.se\/tr\/wp-json\/wp\/v2\/comments?post=17732"}],"wp:featuredmedia":[{"embeddable":true,"href":"https:\/\/www.matbah.se\/tr\/wp-json\/wp\/v2\/media\/20926"}],"wp:attachment":[{"href":"https:\/\/www.matbah.se\/tr\/wp-json\/wp\/v2\/media?parent=17732"}],"wp:term":[{"taxonomy":"product_brand","embeddable":true,"href":"https:\/\/www.matbah.se\/tr\/wp-json\/wp\/v2\/product_brand?post=17732"},{"taxonomy":"product_cat","embeddable":true,"href":"https:\/\/www.matbah.se\/tr\/wp-json\/wp\/v2\/product_cat?post=17732"},{"taxonomy":"product_tag","embeddable":true,"href":"https:\/\/www.matbah.se\/tr\/wp-json\/wp\/v2\/product_tag?post=17732"}],"curies":[{"name":"wp","href":"https:\/\/api.w.org\/{rel}","templated":true}]}}