{"id":17897,"date":"2023-04-21T10:44:13","date_gmt":"2023-04-21T08:44:13","guid":{"rendered":"https:\/\/www.matbah.se\/ceviz-sirkesi-500ml\/"},"modified":"2023-11-21T11:57:39","modified_gmt":"2023-11-21T10:57:39","slug":"ceviz-sirkesi-500ml","status":"publish","type":"product","link":"https:\/\/www.matbah.se\/tr\/ceviz-sirkesi-500ml\/","title":{"rendered":"Ceviz Sirkesi 500Ml"},"content":{"rendered":"<div class=\"wpb-content-wrapper\"><p>[vc_row][vc_column width=&#8221;1\/2&#8243;][vc_column_text woodmart_inline=&#8221;no&#8221; text_larger=&#8221;no&#8221;]Geleneksel y\u00f6ntemlerle haz\u0131rlanm\u0131\u015ft\u0131r, katk\u0131 maddesi i\u00e7ermez.<\/p>\n<h5>\u0130\u00e7indekiler:<\/h5>\n<ul>\n<li>100 Ceviz<\/li>\n<\/ul>\n<h5>Alerjen uyar\u0131s\u0131 :<\/h5>\n<p>Alerjen i\u00e7ermez.<\/p>\n<h5>Saklama ko\u015fullar\u0131 :<\/h5>\n<p>So\u011fuk ve kuru bir ortamda saklay\u0131n. A\u00e7\u0131ld\u0131ktan sonra buzdolab\u0131nda muhafaza edilmelidir.<\/p>\n<table>\n<thead>\n<tr>\n<th>Men\u015fei<\/th>\n<th>\u00dcretim tarihi<\/th>\n<th>Son kullanma tarihi<\/th>\n<\/tr>\n<\/thead>\n<tbody>\n<tr>\n<td>T\u00fcrkiye<\/td>\n<td>2022-12-10<\/td>\n<td>2024-12-10<\/td>\n<\/tr>\n<\/tbody>\n<\/table>\n<p>[\/vc_column_text][\/vc_column][vc_column width=&#8221;1\/2&#8243;][vc_column_text woodmart_inline=&#8221;no&#8221; text_larger=&#8221;no&#8221;]<\/p>\n<h5>100 gramdaki besin de\u011ferleri :<\/h5>\n<ul>\n<li>Enerji: 5.5kcal<\/li>\n<li>Protein:0.3<\/li>\n<li>Tuz:0,07<\/li>\n<li>Karbonhidrat:1<\/li>\n<li>Ya\u011f: 0,07<\/li>\n<\/ul>\n<p>[\/vc_column_text][\/vc_column][\/vc_row]<\/p>\n<\/div>","protected":false},"excerpt":{"rendered":"<p>Geleneksel y\u00f6ntemlerle haz\u0131rlanm\u0131\u015ft\u0131r, katk\u0131 maddesi i\u00e7ermez.<\/p>\n","protected":false},"featured_media":12734,"comment_status":"open","ping_status":"closed","template":"","meta":[],"product_brand":[],"product_cat":[1228],"product_tag":[],"class_list":{"0":"post-17897","1":"product","2":"type-product","3":"status-publish","4":"has-post-thumbnail","6":"product_cat-sirke","8":"first","9":"instock","10":"sale","11":"taxable","12":"shipping-taxable","13":"purchasable","14":"product-type-simple"},"_links":{"self":[{"href":"https:\/\/www.matbah.se\/tr\/wp-json\/wp\/v2\/product\/17897","targetHints":{"allow":["GET"]}}],"collection":[{"href":"https:\/\/www.matbah.se\/tr\/wp-json\/wp\/v2\/product"}],"about":[{"href":"https:\/\/www.matbah.se\/tr\/wp-json\/wp\/v2\/types\/product"}],"replies":[{"embeddable":true,"href":"https:\/\/www.matbah.se\/tr\/wp-json\/wp\/v2\/comments?post=17897"}],"wp:featuredmedia":[{"embeddable":true,"href":"https:\/\/www.matbah.se\/tr\/wp-json\/wp\/v2\/media\/12734"}],"wp:attachment":[{"href":"https:\/\/www.matbah.se\/tr\/wp-json\/wp\/v2\/media?parent=17897"}],"wp:term":[{"taxonomy":"product_brand","embeddable":true,"href":"https:\/\/www.matbah.se\/tr\/wp-json\/wp\/v2\/product_brand?post=17897"},{"taxonomy":"product_cat","embeddable":true,"href":"https:\/\/www.matbah.se\/tr\/wp-json\/wp\/v2\/product_cat?post=17897"},{"taxonomy":"product_tag","embeddable":true,"href":"https:\/\/www.matbah.se\/tr\/wp-json\/wp\/v2\/product_tag?post=17897"}],"curies":[{"name":"wp","href":"https:\/\/api.w.org\/{rel}","templated":true}]}}