{"id":18049,"date":"2022-09-08T10:04:34","date_gmt":"2022-09-08T08:04:34","guid":{"rendered":"https:\/\/www.matbah.se\/?post_type=product&#038;p=18049"},"modified":"2026-01-21T14:14:07","modified_gmt":"2026-01-21T13:14:07","slug":"badem-kapli-badem-krema-dolgulu-sarma-lokum","status":"publish","type":"product","link":"https:\/\/www.matbah.se\/tr\/badem-kapli-badem-krema-dolgulu-sarma-lokum\/","title":{"rendered":"Badem Kapl\u0131 Badem Krema Dolgulu Sarma Lokum"},"content":{"rendered":"<div class=\"wpb-content-wrapper\"><p>[vc_row][vc_column width=&#8221;1\/2&#8243;][vc_column_text woodmart_inline=&#8221;no&#8221; text_larger=&#8221;no&#8221;]Taze ve kaliteli malzemelerle geleneksel y\u00f6ntemlerle haz\u0131rlanmaktad\u0131r.<\/p>\n<h5>\u0130\u00e7indekiler:<\/h5>\n<ul>\n<li>62% \u015feker<\/li>\n<li>8% M\u0131s\u0131r ni\u015fastas\u0131<\/li>\n<li>6% Su<\/li>\n<li>10 Badem kremas\u0131<\/li>\n<li>14 Badem<\/li>\n<li>0,02% Sitrik asit<\/li>\n<li>0,01% Matsmok<\/li>\n<li>0,3 Soop Roat Ekstrakt\u0131<\/li>\n<\/ul>\n<h5>Alerjen uyar\u0131s\u0131 :<\/h5>\n<p>badem i\u00e7erir.<\/p>\n<h5>Uyar\u0131lar :<\/h5>\n<p>\u00dcr\u00fcnleri 1 ya\u015f\u0131ndan k\u00fc\u00e7\u00fck \u00e7ocuklara yedirmeyiniz!<\/p>\n<h5>Saklama ko\u015fullar\u0131 :<\/h5>\n<p>Serin (16-18\u00b0C) ve kuru bir yerde saklay\u0131n. G\u00fcne\u015f \u0131\u015f\u0131\u011f\u0131ndan koruyun.<\/p>\n<table>\n<thead>\n<tr>\n<th>Men\u015fei<\/th>\n<th>\u00dcretim tarihi<\/th>\n<th>Son kullanma tarihi<\/th>\n<\/tr>\n<\/thead>\n<tbody>\n<tr>\n<td>T\u00fcrkiye<\/td>\n<td>2022-11-22<\/td>\n<td>2023-11-22<\/td>\n<\/tr>\n<\/tbody>\n<\/table>\n<p>[\/vc_column_text][\/vc_column][vc_column width=&#8221;1\/2&#8243;][vc_column_text woodmart_inline=&#8221;no&#8221; text_larger=&#8221;no&#8221;]<\/p>\n<h5>100 gramdaki besin de\u011ferleri :<\/h5>\n<ul>\n<li>Enerji 1720,8kj\/411,7kcal<\/li>\n<li>Ya\u011f 7,5g<\/li>\n<li>Doymu\u015f 0,7 g<\/li>\n<li>Karbonhidrat 78,8g<\/li>\n<li>\u015eeker 75,7 g<\/li>\n<li>Lif 0,7 g<\/li>\n<li>Protein 1g<\/li>\n<li>tuz 0,1g<\/li>\n<\/ul>\n<p>[\/vc_column_text][\/vc_column][\/vc_row]<\/p>\n<\/div>","protected":false},"excerpt":{"rendered":"<p>Geleneksel y\u00f6ntemlerle, taze ve kaliteli malzemelerle haz\u0131rlan\u0131r ve hi\u00e7bir katk\u0131 maddesi i\u00e7ermez.<\/p>\n","protected":false},"featured_media":12300,"comment_status":"open","ping_status":"closed","template":"","meta":[],"product_brand":[],"product_cat":[1235],"product_tag":[],"class_list":{"0":"post-18049","1":"product","2":"type-product","3":"status-publish","4":"has-post-thumbnail","6":"product_cat-lokum","8":"first","9":"outofstock","10":"taxable","11":"shipping-taxable","12":"purchasable","13":"product-type-simple"},"_links":{"self":[{"href":"https:\/\/www.matbah.se\/tr\/wp-json\/wp\/v2\/product\/18049","targetHints":{"allow":["GET"]}}],"collection":[{"href":"https:\/\/www.matbah.se\/tr\/wp-json\/wp\/v2\/product"}],"about":[{"href":"https:\/\/www.matbah.se\/tr\/wp-json\/wp\/v2\/types\/product"}],"replies":[{"embeddable":true,"href":"https:\/\/www.matbah.se\/tr\/wp-json\/wp\/v2\/comments?post=18049"}],"wp:featuredmedia":[{"embeddable":true,"href":"https:\/\/www.matbah.se\/tr\/wp-json\/wp\/v2\/media\/12300"}],"wp:attachment":[{"href":"https:\/\/www.matbah.se\/tr\/wp-json\/wp\/v2\/media?parent=18049"}],"wp:term":[{"taxonomy":"product_brand","embeddable":true,"href":"https:\/\/www.matbah.se\/tr\/wp-json\/wp\/v2\/product_brand?post=18049"},{"taxonomy":"product_cat","embeddable":true,"href":"https:\/\/www.matbah.se\/tr\/wp-json\/wp\/v2\/product_cat?post=18049"},{"taxonomy":"product_tag","embeddable":true,"href":"https:\/\/www.matbah.se\/tr\/wp-json\/wp\/v2\/product_tag?post=18049"}],"curies":[{"name":"wp","href":"https:\/\/api.w.org\/{rel}","templated":true}]}}