{"id":19243,"date":"2024-02-25T15:42:49","date_gmt":"2024-02-25T14:42:49","guid":{"rendered":"https:\/\/www.matbah.se\/?post_type=product&#038;p=19243"},"modified":"2026-02-28T15:10:53","modified_gmt":"2026-02-28T14:10:53","slug":"baklava-500gr","status":"publish","type":"product","link":"https:\/\/www.matbah.se\/tr\/baklava-500gr\/","title":{"rendered":"Baklava Pistage 500g"},"content":{"rendered":"<p>Njut av din m\u00e5ltid med en kopp kaffe eller te med dina n\u00e4ra och k\u00e4ra.<\/p>\n","protected":false},"excerpt":{"rendered":"<p>Njut av din m\u00e5ltid med en kopp kaffe eller te med dina n\u00e4ra och k\u00e4ra.<\/p>\n","protected":false},"featured_media":19244,"comment_status":"closed","ping_status":"closed","template":"","meta":[],"product_brand":[],"product_cat":[1265,1153],"product_tag":[],"class_list":{"0":"post-19243","1":"product","2":"type-product","3":"status-publish","4":"has-post-thumbnail","6":"product_cat-okategoriserad","7":"product_cat-turkisk-delight","9":"first","10":"instock","11":"taxable","12":"shipping-taxable","13":"purchasable","14":"product-type-simple"},"_links":{"self":[{"href":"https:\/\/www.matbah.se\/tr\/wp-json\/wp\/v2\/product\/19243","targetHints":{"allow":["GET"]}}],"collection":[{"href":"https:\/\/www.matbah.se\/tr\/wp-json\/wp\/v2\/product"}],"about":[{"href":"https:\/\/www.matbah.se\/tr\/wp-json\/wp\/v2\/types\/product"}],"replies":[{"embeddable":true,"href":"https:\/\/www.matbah.se\/tr\/wp-json\/wp\/v2\/comments?post=19243"}],"wp:featuredmedia":[{"embeddable":true,"href":"https:\/\/www.matbah.se\/tr\/wp-json\/wp\/v2\/media\/19244"}],"wp:attachment":[{"href":"https:\/\/www.matbah.se\/tr\/wp-json\/wp\/v2\/media?parent=19243"}],"wp:term":[{"taxonomy":"product_brand","embeddable":true,"href":"https:\/\/www.matbah.se\/tr\/wp-json\/wp\/v2\/product_brand?post=19243"},{"taxonomy":"product_cat","embeddable":true,"href":"https:\/\/www.matbah.se\/tr\/wp-json\/wp\/v2\/product_cat?post=19243"},{"taxonomy":"product_tag","embeddable":true,"href":"https:\/\/www.matbah.se\/tr\/wp-json\/wp\/v2\/product_tag?post=19243"}],"curies":[{"name":"wp","href":"https:\/\/api.w.org\/{rel}","templated":true}]}}