{"id":19514,"date":"2024-04-17T14:29:21","date_gmt":"2024-04-17T13:29:21","guid":{"rendered":"https:\/\/www.matbah.se\/?post_type=product&#038;p=19514"},"modified":"2024-04-17T14:34:59","modified_gmt":"2024-04-17T13:34:59","slug":"eyup-sabri-cologne-lemon-anti-bacterial-turkish-kolonya-400ml","status":"publish","type":"product","link":"https:\/\/www.matbah.se\/tr\/eyup-sabri-cologne-lemon-anti-bacterial-turkish-kolonya-400ml\/","title":{"rendered":"Eyup Sabri Cologne Lemon Anti-Bacterial Turkish Kolonya 400ML"},"content":{"rendered":"<p>Limon a\u011fa\u00e7lar\u0131n\u0131n serinlik veren olgun meyveleri ile uyand\u0131r\u0131c\u0131 ve ferahlat\u0131c\u0131 etkisini g\u00fcn boyu hissedece\u011finiz Klasik Limon Kolonyas\u0131 400 ml &#8211; Cam \u015ei\u015fe de\u011fi\u015fen modern ambalaj tasar\u0131m\u0131, g\u00f6z al\u0131c\u0131 yeni cam \u015fi\u015fesi ve kapa\u011f\u0131 ile i\u00e7eri\u011findeki kaliteyi g\u00f6rsellikle de birle\u015ftiriyor. Narenciye bah\u00e7elerinin taze i\u00e7 a\u00e7\u0131c\u0131 kokular\u0131ndan \u00f6zenle haz\u0131rlanm\u0131\u015f, y\u00fcksek nitelikli bir kolonyad\u0131r.<\/p>\n<p>80 derece alkol ihtiva etmektedir.<\/p>\n","protected":false},"excerpt":{"rendered":"<p>Limon a\u011fa\u00e7lar\u0131n\u0131n serinlik veren olgun meyveleri ile uyand\u0131r\u0131c\u0131 ve ferahlat\u0131c\u0131 etkisini g\u00fcn boyu hissedece\u011finiz Klasik Limon Kolonyas\u0131 400 ml &#8211;<\/p>\n","protected":false},"featured_media":19509,"comment_status":"closed","ping_status":"closed","template":"","meta":[],"product_brand":[],"product_cat":[1275],"product_tag":[],"class_list":{"0":"post-19514","1":"product","2":"type-product","3":"status-publish","4":"has-post-thumbnail","6":"product_cat-okategoriserad-tr","8":"first","9":"outofstock","10":"taxable","11":"shipping-taxable","12":"purchasable","13":"product-type-simple"},"_links":{"self":[{"href":"https:\/\/www.matbah.se\/tr\/wp-json\/wp\/v2\/product\/19514","targetHints":{"allow":["GET"]}}],"collection":[{"href":"https:\/\/www.matbah.se\/tr\/wp-json\/wp\/v2\/product"}],"about":[{"href":"https:\/\/www.matbah.se\/tr\/wp-json\/wp\/v2\/types\/product"}],"replies":[{"embeddable":true,"href":"https:\/\/www.matbah.se\/tr\/wp-json\/wp\/v2\/comments?post=19514"}],"wp:featuredmedia":[{"embeddable":true,"href":"https:\/\/www.matbah.se\/tr\/wp-json\/wp\/v2\/media\/19509"}],"wp:attachment":[{"href":"https:\/\/www.matbah.se\/tr\/wp-json\/wp\/v2\/media?parent=19514"}],"wp:term":[{"taxonomy":"product_brand","embeddable":true,"href":"https:\/\/www.matbah.se\/tr\/wp-json\/wp\/v2\/product_brand?post=19514"},{"taxonomy":"product_cat","embeddable":true,"href":"https:\/\/www.matbah.se\/tr\/wp-json\/wp\/v2\/product_cat?post=19514"},{"taxonomy":"product_tag","embeddable":true,"href":"https:\/\/www.matbah.se\/tr\/wp-json\/wp\/v2\/product_tag?post=19514"}],"curies":[{"name":"wp","href":"https:\/\/api.w.org\/{rel}","templated":true}]}}